{"id":13,"date":"2024-07-12T11:57:55","date_gmt":"2024-07-12T11:57:55","guid":{"rendered":"https:\/\/tokhotels.com\/?page_id=13"},"modified":"2025-04-10T07:07:24","modified_gmt":"2025-04-10T07:07:24","slug":"dionysos","status":"publish","type":"page","link":"https:\/\/tokhotels.com\/?page_id=13","title":{"rendered":"ASSOS D\u0130ONYSOS HOTEL"},"content":{"rendered":"\n<div class=\"wp-block-media-text is-stacked-on-mobile is-vertically-aligned-center\" style=\"grid-template-columns:17% auto\"><figure class=\"wp-block-media-text__media\"><img loading=\"lazy\" decoding=\"async\" width=\"1024\" height=\"930\" src=\"https:\/\/tokhotels.com\/wp-content\/uploads\/2024\/07\/logo-dikey-1024x930.png\" alt=\"\" class=\"wp-image-56 size-full\" srcset=\"https:\/\/tokhotels.com\/wp-content\/uploads\/2024\/07\/logo-dikey-1024x930.png 1024w, https:\/\/tokhotels.com\/wp-content\/uploads\/2024\/07\/logo-dikey-300x273.png 300w, https:\/\/tokhotels.com\/wp-content\/uploads\/2024\/07\/logo-dikey-768x698.png 768w, https:\/\/tokhotels.com\/wp-content\/uploads\/2024\/07\/logo-dikey.png 1343w\" sizes=\"(max-width: 1024px) 100vw, 1024px\" \/><\/figure><div class=\"wp-block-media-text__content\">\n<p><\/p>\n<\/div><\/div>\n\n\n\n<p class=\"has-medium-font-size\">S\u0130ZLER\u0130 YUNAN M\u0130TOLOJ\u0130S\u0130N\u0130N EN E\u011eLENCEL\u0130, KEY\u0130FL\u0130, RUH D\u00dcNYASI GEN\u0130\u015e TANRISININ A\u015eK, \u015eARAP, DO\u011eA, SANAT \u00d6\u011eELER\u0130YLE BEZENM\u0130\u015e B\u0130RB\u0130R\u0130N\u0130Z\u0130 TAMAMLAYACA\u011eINIZ, B\u0130RB\u0130R\u0130N\u0130ZLE B\u00dcT\u00dcNLE\u015eECE\u011e\u0130N\u0130Z, B\u0130RB\u0130R\u0130N\u0130Z\u0130 B\u0130R KEZ DAHA KE\u015eFEDECE\u011e\u0130N\u0130Z OTEL\u0130M\u0130ZDE A\u011eIRLAMAK B\u0130Z\u0130M \u0130\u00c7\u0130N B\u0130R KEY\u0130F OLACAKTIR.<\/p>\n\n\n\n<div class=\"wp-block-columns is-layout-flex wp-container-core-columns-is-layout-9d6595d7 wp-block-columns-is-layout-flex\">\n<div class=\"wp-block-column is-layout-flow wp-block-column-is-layout-flow\" style=\"flex-basis:100%\">\n<div class=\"wp-block-buttons is-content-justification-center is-layout-flex wp-container-core-buttons-is-layout-16018d1d wp-block-buttons-is-layout-flex\">\n<div class=\"wp-block-button\"><a class=\"wp-block-button__link wp-element-button\" href=\"https:\/\/www.assosdionysoshotel.com\/\">KE\u015eFED\u0130N<\/a><\/div>\n\n\n\n<div class=\"wp-block-button\"><a class=\"wp-block-button__link wp-element-button\" href=\"https:\/\/www.instagram.com\/assosdionysos_hotel\/\">\u0130NSTAGRAM<\/a><\/div>\n\n\n\n<div class=\"wp-block-button\"><a class=\"wp-block-button__link wp-element-button\" href=\"https:\/\/wa.me\/05447234048?text=Merhaba\">WHATSAPP<\/a><\/div>\n<\/div>\n<\/div>\n<\/div>\n\n\n\n<p><\/p>\n","protected":false},"excerpt":{"rendered":"<p>S\u0130ZLER\u0130 YUNAN M\u0130TOLOJ\u0130S\u0130N\u0130N EN E\u011eLENCEL\u0130, KEY\u0130FL\u0130, RUH D\u00dcNYASI GEN\u0130\u015e TANRISININ A\u015eK, \u015eARAP, DO\u011eA, [&hellip;]<\/p>\n","protected":false},"author":1,"featured_media":54,"parent":0,"menu_order":0,"comment_status":"closed","ping_status":"closed","template":"","meta":{"saved_in_kubio":false,"footnotes":""},"class_list":["post-13","page","type-page","status-publish","has-post-thumbnail","hentry"],"kubio_ai_page_context":{"short_desc":"","purpose":"general"},"_links":{"self":[{"href":"https:\/\/tokhotels.com\/index.php?rest_route=\/wp\/v2\/pages\/13","targetHints":{"allow":["GET"]}}],"collection":[{"href":"https:\/\/tokhotels.com\/index.php?rest_route=\/wp\/v2\/pages"}],"about":[{"href":"https:\/\/tokhotels.com\/index.php?rest_route=\/wp\/v2\/types\/page"}],"author":[{"embeddable":true,"href":"https:\/\/tokhotels.com\/index.php?rest_route=\/wp\/v2\/users\/1"}],"replies":[{"embeddable":true,"href":"https:\/\/tokhotels.com\/index.php?rest_route=%2Fwp%2Fv2%2Fcomments&post=13"}],"version-history":[{"count":7,"href":"https:\/\/tokhotels.com\/index.php?rest_route=\/wp\/v2\/pages\/13\/revisions"}],"predecessor-version":[{"id":880,"href":"https:\/\/tokhotels.com\/index.php?rest_route=\/wp\/v2\/pages\/13\/revisions\/880"}],"wp:featuredmedia":[{"embeddable":true,"href":"https:\/\/tokhotels.com\/index.php?rest_route=\/wp\/v2\/media\/54"}],"wp:attachment":[{"href":"https:\/\/tokhotels.com\/index.php?rest_route=%2Fwp%2Fv2%2Fmedia&parent=13"}],"curies":[{"name":"wp","href":"https:\/\/api.w.org\/{rel}","templated":true}]}}